{"id":848,"date":"2025-01-16T18:28:30","date_gmt":"2025-01-16T17:28:30","guid":{"rendered":"http:\/\/mipa.bplaced.net\/blumen\/?page_id=848"},"modified":"2025-01-21T16:55:19","modified_gmt":"2025-01-21T15:55:19","slug":"impressum","status":"publish","type":"page","link":"https:\/\/mipa.bplaced.net\/blumen\/impressum\/","title":{"rendered":"Impressum"},"content":{"rendered":"\n<h3 class=\"wp-block-heading\">Gesetzliche Anbieterkennung:<\/h3>\n\n\n\n<p><\/p>\n\n\n\n<p>Blumen Diu An<br>diese vertr. d. d. Gesch\u00e4ftsf\u00fchrerin Thi Tanh Vo<br>Manfred von Richthofen Str.2<br>12101 Berlin<br>Deutschland<\/p>\n\n\n\n<p>Telefon: <br>E-Mail: blumendiuan@gmail.de<br>USt-IdNr.: <\/p>\n\n\n\n<p><\/p>\n\n\n\n<p>eingetragen im Handelsregister des Amtsgerichtes Berlin<br>Handelsregisternummer <\/p>\n\n\n\n<p>Alternative Streitbeilegung:<\/p>\n\n\n\n<p>Die Europ\u00e4ische Kommission stellt eine Plattform f\u00fcr die au\u00dfergerichtliche Online-Streitbeilegung (OS-Plattform) bereit, aufrufbar&nbsp;unter&nbsp;<a href=\"https:\/\/ec.europa.eu\/odr\" target=\"_blank\" rel=\"noreferrer noopener\">https:\/\/ec.europa.eu\/odr<\/a>.<\/p>\n\n\n\n<p>Wir sind nicht bereit, an Streitbeilegungsverfahren vor Verbraucherschlichtungsstellen teilzunehmen.<\/p>\n","protected":false},"excerpt":{"rendered":"<p>Gesetzliche Anbieterkennung: Blumen Diu Andiese vertr. d. d. Gesch\u00e4ftsf\u00fchrerin Thi Tanh VoManfred von Richthofen Str.212101 BerlinDeutschland Telefon: E-Mail: blumendiuan@gmail.deUSt-IdNr.: eingetragen [&hellip;]<\/p>\n","protected":false},"author":1,"featured_media":0,"parent":0,"menu_order":0,"comment_status":"closed","ping_status":"closed","template":"","meta":{"_surecart_dashboard_logo_width":"180px","_surecart_dashboard_show_logo":true,"_surecart_dashboard_navigation_orders":true,"_surecart_dashboard_navigation_invoices":true,"_surecart_dashboard_navigation_subscriptions":true,"_surecart_dashboard_navigation_downloads":true,"_surecart_dashboard_navigation_billing":true,"_surecart_dashboard_navigation_account":true,"_uag_custom_page_level_css":"","site-sidebar-layout":"default","site-content-layout":"","ast-site-content-layout":"","site-content-style":"default","site-sidebar-style":"default","ast-global-header-display":"","ast-banner-title-visibility":"","ast-main-header-display":"","ast-hfb-above-header-display":"","ast-hfb-below-header-display":"","ast-hfb-mobile-header-display":"","site-post-title":"","ast-breadcrumbs-content":"","ast-featured-img":"","footer-sml-layout":"","theme-transparent-header-meta":"","adv-header-id-meta":"","stick-header-meta":"","header-above-stick-meta":"","header-main-stick-meta":"","header-below-stick-meta":"","astra-migrate-meta-layouts":"default","ast-page-background-enabled":"default","ast-page-background-meta":{"desktop":{"background-color":"var(--ast-global-color-4)","background-image":"","background-repeat":"repeat","background-position":"center center","background-size":"auto","background-attachment":"scroll","background-type":"","background-media":"","overlay-type":"","overlay-color":"","overlay-opacity":"","overlay-gradient":""},"tablet":{"background-color":"","background-image":"","background-repeat":"repeat","background-position":"center center","background-size":"auto","background-attachment":"scroll","background-type":"","background-media":"","overlay-type":"","overlay-color":"","overlay-opacity":"","overlay-gradient":""},"mobile":{"background-color":"","background-image":"","background-repeat":"repeat","background-position":"center center","background-size":"auto","background-attachment":"scroll","background-type":"","background-media":"","overlay-type":"","overlay-color":"","overlay-opacity":"","overlay-gradient":""}},"ast-content-background-meta":{"desktop":{"background-color":"var(--ast-global-color-5)","background-image":"","background-repeat":"repeat","background-position":"center center","background-size":"auto","background-attachment":"scroll","background-type":"","background-media":"","overlay-type":"","overlay-color":"","overlay-opacity":"","overlay-gradient":""},"tablet":{"background-color":"var(--ast-global-color-5)","background-image":"","background-repeat":"repeat","background-position":"center center","background-size":"auto","background-attachment":"scroll","background-type":"","background-media":"","overlay-type":"","overlay-color":"","overlay-opacity":"","overlay-gradient":""},"mobile":{"background-color":"var(--ast-global-color-5)","background-image":"","background-repeat":"repeat","background-position":"center center","background-size":"auto","background-attachment":"scroll","background-type":"","background-media":"","overlay-type":"","overlay-color":"","overlay-opacity":"","overlay-gradient":""}},"footnotes":""},"class_list":["post-848","page","type-page","status-publish","hentry"],"uagb_featured_image_src":{"full":false,"thumbnail":false,"medium":false,"medium_large":false,"large":false,"1536x1536":false,"2048x2048":false},"uagb_author_info":{"display_name":"blumen","author_link":"https:\/\/mipa.bplaced.net\/blumen\/author\/blumen\/"},"uagb_comment_info":0,"uagb_excerpt":"Gesetzliche Anbieterkennung: Blumen Diu Andiese vertr. d. d. Gesch\u00e4ftsf\u00fchrerin Thi Tanh VoManfred von Richthofen Str.212101 BerlinDeutschland Telefon: E-Mail: blumendiuan@gmail.deUSt-IdNr.: eingetragen [&hellip;]","_links":{"self":[{"href":"https:\/\/mipa.bplaced.net\/blumen\/wp-json\/wp\/v2\/pages\/848","targetHints":{"allow":["GET"]}}],"collection":[{"href":"https:\/\/mipa.bplaced.net\/blumen\/wp-json\/wp\/v2\/pages"}],"about":[{"href":"https:\/\/mipa.bplaced.net\/blumen\/wp-json\/wp\/v2\/types\/page"}],"author":[{"embeddable":true,"href":"https:\/\/mipa.bplaced.net\/blumen\/wp-json\/wp\/v2\/users\/1"}],"replies":[{"embeddable":true,"href":"https:\/\/mipa.bplaced.net\/blumen\/wp-json\/wp\/v2\/comments?post=848"}],"version-history":[{"count":3,"href":"https:\/\/mipa.bplaced.net\/blumen\/wp-json\/wp\/v2\/pages\/848\/revisions"}],"predecessor-version":[{"id":1109,"href":"https:\/\/mipa.bplaced.net\/blumen\/wp-json\/wp\/v2\/pages\/848\/revisions\/1109"}],"wp:attachment":[{"href":"https:\/\/mipa.bplaced.net\/blumen\/wp-json\/wp\/v2\/media?parent=848"}],"curies":[{"name":"wp","href":"https:\/\/api.w.org\/{rel}","templated":true}]}}