{"id":844,"date":"2025-01-16T18:26:43","date_gmt":"2025-01-16T17:26:43","guid":{"rendered":"http:\/\/mipa.bplaced.net\/blumen\/?page_id=844"},"modified":"2025-01-22T17:42:05","modified_gmt":"2025-01-22T16:42:05","slug":"ueber-mich","status":"publish","type":"page","link":"https:\/\/mipa.bplaced.net\/blumen\/ueber-mich\/","title":{"rendered":"\u00dcber mich"},"content":{"rendered":"\n<div class=\"wp-block-uagb-container uagb-block-aqtfxag1 alignfull uagb-is-root-container\"><div class=\"uagb-container-inner-blocks-wrap\">\n<div class=\"wp-block-uagb-info-box uagb-block-a3ejfe8z uagb-infobox__content-wrap  uagb-infobox-icon-above-title uagb-infobox-image-valign-top\"><div class=\"uagb-ifb-content\"><div class=\"uagb-ifb-title-wrap\"><h1 class=\"uagb-ifb-title\">\u00dcber  Blumen Diu An<\/h1><\/div><\/div><\/div>\n<\/div><\/div>\n\n\n\n<div class=\"wp-block-uagb-container uagb-block-61888f30 alignfull uagb-is-root-container\"><div class=\"uagb-container-inner-blocks-wrap\">\n<div class=\"wp-block-uagb-container uagb-block-0d580909\">\n<div class=\"wp-block-uagb-image alignright uagb-block-4099a102 wp-block-uagb-image--layout-default wp-block-uagb-image--effect-static wp-block-uagb-image--align-right\"><figure class=\"wp-block-uagb-image__figure\"><img decoding=\"async\" srcset=\"https:\/\/mipa.bplaced.net\/blumen\/wp-content\/uploads\/2025\/01\/IMG_8174-1024x768.jpg ,https:\/\/mipa.bplaced.net\/blumen\/wp-content\/uploads\/2025\/01\/IMG_8174-scaled.jpg 780w, https:\/\/mipa.bplaced.net\/blumen\/wp-content\/uploads\/2025\/01\/IMG_8174-scaled.jpg 360w\" sizes=\"auto, (max-width: 480px) 150px\" src=\"https:\/\/mipa.bplaced.net\/blumen\/wp-content\/uploads\/2025\/01\/IMG_8174-1024x768.jpg\" alt=\"\" class=\"uag-image-908\" width=\"800\" height=\"440\" title=\"IMG_8174\" loading=\"lazy\" role=\"img\"\/><\/figure><\/div>\n\n\n\n<div class=\"wp-block-uagb-advanced-heading uagb-block-ea0685d9\"><p class=\"uagb-heading-text\">Die Inhaberin bringt eine lebenslange Leidenschaft f\u00fcr Blumen mit und schafft es mit ihrer eigenen Kreativit\u00e4t sowie Erfahrung in jedes Arrangement eine pers\u00f6nliche Note mitzugeben. Und schafft somit einzigartige und pers\u00f6nliche Str\u00e4u\u00dfe, die jedem ein W O W auf die Lippen zaubern.<\/p><p class=\"uagb-desc-text\">Blumen Diu An vereint jahrelange Expertise in der Floristik mit einer Leidenschaft f\u00fcr kreative Arrangements. Das Team bringt frische, saisonale Blumen in die Herzen und Haushalte unserer Kunden und schafft individuelle Str\u00e4u\u00dfe, die jeden Anlass perfekt reflektieren. Wir setzen auf nachhaltige Verpackung, um unsere Umgebung zu sch\u00fctzen und die Sch\u00f6nheit der Natur zu feiern.<\/p><\/div>\n<\/div>\n\n\n\n<p><\/p>\n<\/div><\/div>\n\n\n\n<div class=\"wp-block-uagb-container uagb-block-0sbmpibu alignfull uagb-is-root-container\"><div class=\"uagb-container-inner-blocks-wrap\">\n<div class=\"wp-block-uagb-container uagb-block-jcvgkc6o\">\n<div class=\"wp-block-uagb-info-box uagb-block-wzupkdmx uagb-infobox__content-wrap  uagb-infobox-icon-above-title uagb-infobox-image-valign-top\"><div class=\"uagb-ifb-content\"><div class=\"uagb-ifb-title-wrap\"><h2 class=\"uagb-ifb-title\">Unsere Str\u00e4u\u00dfe <\/h2><\/div><\/div><\/div>\n<\/div>\n\n\n\n<div class=\"wp-block-uagb-container uagb-block-yy3c66nn\">\n<div class=\"wp-block-uagb-container uagb-block-wxlcfldk\">\n<div class=\"wp-block-uagb-info-box uagb-block-d6jkp3in uagb-infobox__content-wrap  uagb-infobox-icon-above-title uagb-infobox-image-valign-top\"><div class=\"uagb-ifb-content\"><div class=\"uagb-ifb-title-wrap\"><p class=\"uagb-ifb-title-prefix\">01<\/p><h3 class=\"uagb-ifb-title\">Individuell<\/h3><\/div><p class=\"uagb-ifb-desc\">Jeder Strau\u00df wird eigens zusammen- gestellt.<\/p><\/div><\/div>\n<\/div>\n\n\n\n<div class=\"wp-block-uagb-container uagb-block-a1qozfaw\">\n<div class=\"wp-block-uagb-info-box uagb-block-p7ee2fsg uagb-infobox__content-wrap  uagb-infobox-icon-above-title uagb-infobox-image-valign-top\"><div class=\"uagb-ifb-content\"><div class=\"uagb-ifb-title-wrap\"><p class=\"uagb-ifb-title-prefix\">02<\/p><h3 class=\"uagb-ifb-title\">Einzigartig<\/h3><\/div><p class=\"uagb-ifb-desc\">Je nach Saison, je nach Anlass.<\/p><\/div><\/div>\n<\/div>\n\n\n\n<div class=\"wp-block-uagb-container uagb-block-vjbvwii6\">\n<div class=\"wp-block-uagb-info-box uagb-block-b521hw1i uagb-infobox__content-wrap  uagb-infobox-icon-above-title uagb-infobox-image-valign-top\"><div class=\"uagb-ifb-content\"><div class=\"uagb-ifb-title-wrap\"><p class=\"uagb-ifb-title-prefix\">03<\/p><h3 class=\"uagb-ifb-title\">Auf Wunsch<\/h3><\/div><p class=\"uagb-ifb-desc\">Klein, gro\u00df, mittel. Wir erf\u00fcllen fast alles W\u00fcnsche.<\/p><\/div><\/div>\n<\/div>\n<\/div>\n<\/div><\/div>\n\n\n\n<div class=\"wp-block-uagb-container uagb-block-bhloxrdi alignfull uagb-is-root-container\"><div class=\"uagb-container-inner-blocks-wrap\">\n<div class=\"wp-block-uagb-star-rating uagb-block-zoautrwz\"><div class=\"uag-star-rating\" title=\"4.5\/5\"><span class=\"uag-star\">\u2605<\/span><span class=\"uag-star\">\u2605<\/span><span class=\"uag-star\">\u2605<\/span><span class=\"uag-star\">\u2605<\/span><span class=\"uag-star\">\u2605<\/span><\/div><\/div>\n\n\n\n<div class=\"wp-block-uagb-info-box uagb-block-1ztd7ckq uagb-infobox__content-wrap  uagb-infobox-icon-above-title uagb-infobox-image-valign-top\"><div class=\"uagb-ifb-content\"><div class=\"uagb-ifb-title-wrap\"><p class=\"uagb-ifb-title\">Der Laden ist ein echter Geheimtipp in der Nachbarschaft. Die Auswahl an frischen Blumen und Pflanzen ist super\u2013 von klassischen Rosen bis hin zu exotischen Arrangements findet man hier alles.<\/p><\/div><\/div><\/div>\n\n\n\n<div class=\"wp-block-uagb-info-box uagb-block-ozn8u6as uagb-infobox__content-wrap  uagb-infobox-icon-above-title uagb-infobox-image-valign-top\"><div class=\"uagb-ifb-content\"><div class=\"uagb-ifb-image-content\"><img decoding=\"async\" src=\"http:\/\/mipa.bplaced.net\/blumen\/wp-content\/uploads\/2025\/01\/gettyimages-1466785645-612x612-1-150x150.jpg\" alt=\"\" width=\"48\" height=\"48\" loading=\"lazy\"\/><\/div><div class=\"uagb-ifb-title-wrap\"><p class=\"uagb-ifb-title\">Lisa<\/p><\/div><\/div><\/div>\n<\/div><\/div>\n\n\n\n<div class=\"wp-block-uagb-container uagb-block-46yfunf1 alignfull uagb-is-root-container\"><div class=\"uagb-container-inner-blocks-wrap\">\n<div class=\"wp-block-uagb-info-box uagb-block-lcyhjarg uagb-infobox__content-wrap  uagb-infobox-icon-above-title uagb-infobox-image-valign-top\"><div class=\"uagb-ifb-content\"><div class=\"uagb-ifb-title-wrap\"><h2 class=\"uagb-ifb-title\">Entdecke unsere Str\u00e4u\u00dfe<\/h2><\/div><p class=\"uagb-ifb-desc\">Visuelle Eindr\u00fccke unserer Arbeit.<\/p><\/div><\/div>\n\n\n\n<div class=\"wp-block-uagb-container uagb-layout-grid uagb-block-j8kad3nd\">\n<div class=\"wp-block-uagb-image alignleft uagb-block-cgebfgv6 wp-block-uagb-image--layout-default wp-block-uagb-image--effect-static wp-block-uagb-image--align-left\"><figure class=\"wp-block-uagb-image__figure\"><img decoding=\"async\" srcset=\"https:\/\/mipa.bplaced.net\/blumen\/wp-content\/uploads\/2025\/01\/IMG_8093-768x1024.jpg ,https:\/\/mipa.bplaced.net\/blumen\/wp-content\/uploads\/2025\/01\/IMG_8093-scaled.jpg 780w, https:\/\/mipa.bplaced.net\/blumen\/wp-content\/uploads\/2025\/01\/IMG_8093-scaled.jpg 360w\" sizes=\"auto, (max-width: 480px) 150px\" src=\"https:\/\/mipa.bplaced.net\/blumen\/wp-content\/uploads\/2025\/01\/IMG_8093-768x1024.jpg\" alt=\"\" class=\"uag-image-904\" width=\"384\" height=\"384\" title=\"IMG_8093\" loading=\"lazy\" role=\"img\"\/><\/figure><\/div>\n\n\n\n<div class=\"wp-block-uagb-image alignleft uagb-block-glvxybpq wp-block-uagb-image--layout-default wp-block-uagb-image--effect-static wp-block-uagb-image--align-left\"><figure class=\"wp-block-uagb-image__figure\"><img decoding=\"async\" srcset=\"https:\/\/mipa.bplaced.net\/blumen\/wp-content\/uploads\/2025\/01\/IMG_8091-768x1024.jpg ,https:\/\/mipa.bplaced.net\/blumen\/wp-content\/uploads\/2025\/01\/IMG_8091-scaled.jpg 780w, https:\/\/mipa.bplaced.net\/blumen\/wp-content\/uploads\/2025\/01\/IMG_8091-scaled.jpg 360w\" sizes=\"auto, (max-width: 480px) 150px\" src=\"https:\/\/mipa.bplaced.net\/blumen\/wp-content\/uploads\/2025\/01\/IMG_8091-768x1024.jpg\" alt=\"\" class=\"uag-image-902\" width=\"384\" height=\"384\" title=\"IMG_8091\" loading=\"lazy\" role=\"img\"\/><\/figure><\/div>\n\n\n\n<div class=\"wp-block-uagb-image alignleft uagb-block-wpw0xkcb wp-block-uagb-image--layout-default wp-block-uagb-image--effect-static wp-block-uagb-image--align-left\"><figure class=\"wp-block-uagb-image__figure\"><img decoding=\"async\" srcset=\"https:\/\/mipa.bplaced.net\/blumen\/wp-content\/uploads\/2025\/01\/IMG_8089-768x1024.jpg ,https:\/\/mipa.bplaced.net\/blumen\/wp-content\/uploads\/2025\/01\/IMG_8089-scaled.jpg 780w, https:\/\/mipa.bplaced.net\/blumen\/wp-content\/uploads\/2025\/01\/IMG_8089-scaled.jpg 360w\" sizes=\"auto, (max-width: 480px) 150px\" src=\"https:\/\/mipa.bplaced.net\/blumen\/wp-content\/uploads\/2025\/01\/IMG_8089-768x1024.jpg\" alt=\"\" class=\"uag-image-900\" width=\"384\" height=\"384\" title=\"IMG_8089\" loading=\"lazy\" role=\"img\"\/><\/figure><\/div>\n\n\n\n<div class=\"wp-block-uagb-image alignleft uagb-block-4jgeg27f wp-block-uagb-image--layout-default wp-block-uagb-image--effect-static wp-block-uagb-image--align-left\"><figure class=\"wp-block-uagb-image__figure\"><img decoding=\"async\" srcset=\"https:\/\/mipa.bplaced.net\/blumen\/wp-content\/uploads\/2025\/01\/IMG_8087-768x1024.jpg ,https:\/\/mipa.bplaced.net\/blumen\/wp-content\/uploads\/2025\/01\/IMG_8087-scaled.jpg 780w, https:\/\/mipa.bplaced.net\/blumen\/wp-content\/uploads\/2025\/01\/IMG_8087-scaled.jpg 360w\" sizes=\"auto, (max-width: 480px) 150px\" src=\"https:\/\/mipa.bplaced.net\/blumen\/wp-content\/uploads\/2025\/01\/IMG_8087-768x1024.jpg\" alt=\"\" class=\"uag-image-898\" width=\"384\" height=\"384\" title=\"IMG_8087\" loading=\"lazy\" role=\"img\"\/><\/figure><\/div>\n\n\n\n<div class=\"wp-block-uagb-image alignleft uagb-block-66ffhswn wp-block-uagb-image--layout-default wp-block-uagb-image--effect-static wp-block-uagb-image--align-left\"><figure class=\"wp-block-uagb-image__figure\"><img decoding=\"async\" srcset=\"https:\/\/mipa.bplaced.net\/blumen\/wp-content\/uploads\/2025\/01\/IMG_8082-768x1024.jpg ,https:\/\/mipa.bplaced.net\/blumen\/wp-content\/uploads\/2025\/01\/IMG_8082-scaled.jpg 780w, https:\/\/mipa.bplaced.net\/blumen\/wp-content\/uploads\/2025\/01\/IMG_8082-scaled.jpg 360w\" sizes=\"auto, (max-width: 480px) 150px\" src=\"https:\/\/mipa.bplaced.net\/blumen\/wp-content\/uploads\/2025\/01\/IMG_8082-768x1024.jpg\" alt=\"\" class=\"uag-image-895\" width=\"384\" height=\"384\" title=\"IMG_8082\" loading=\"lazy\" role=\"img\"\/><\/figure><\/div>\n\n\n\n<div class=\"wp-block-uagb-image alignleft uagb-block-pa3x8kfh wp-block-uagb-image--layout-default wp-block-uagb-image--effect-static wp-block-uagb-image--align-left\"><figure class=\"wp-block-uagb-image__figure\"><img decoding=\"async\" srcset=\"https:\/\/mipa.bplaced.net\/blumen\/wp-content\/uploads\/2025\/01\/IMG_7112-768x1024.jpg ,https:\/\/mipa.bplaced.net\/blumen\/wp-content\/uploads\/2025\/01\/IMG_7112-scaled.jpg 780w, https:\/\/mipa.bplaced.net\/blumen\/wp-content\/uploads\/2025\/01\/IMG_7112-scaled.jpg 360w\" sizes=\"auto, (max-width: 480px) 150px\" src=\"https:\/\/mipa.bplaced.net\/blumen\/wp-content\/uploads\/2025\/01\/IMG_7112-768x1024.jpg\" alt=\"\" class=\"uag-image-893\" width=\"384\" height=\"384\" title=\"IMG_7112\" loading=\"lazy\" role=\"img\"\/><\/figure><\/div>\n<\/div>\n<\/div><\/div>\n\n\n\n<div class=\"wp-block-uagb-container uagb-block-9qyepeoz alignfull uagb-is-root-container\"><div class=\"uagb-container-inner-blocks-wrap\">\n<div class=\"wp-block-uagb-info-box uagb-block-1fwjk5ra uagb-infobox__content-wrap  uagb-infobox-icon-above-title uagb-infobox-image-valign-top\"><div class=\"uagb-ifb-content\"><div class=\"uagb-ifb-title-wrap\"><p class=\"uagb-ifb-title-prefix\">Vorbestellungen jederzeit m\u00f6glich<\/p><h2 class=\"uagb-ifb-title\">Lass uns zusammenstellen, was zusammen geh\u00f6rt<\/h2><\/div><p class=\"uagb-ifb-desc\">Setze dich mit uns in Verbindung und lass uns gemeinsam Blumen, Str\u00e4u\u00dfe, und Gestecke zusammenstellen. <\/p><\/div><\/div>\n\n\n\n<div class=\"wp-block-uagb-buttons uagb-buttons__outer-wrap uagb-btn__default-btn uagb-btn-tablet__default-btn uagb-btn-mobile__default-btn uagb-block-mmbojo4o\"><div class=\"uagb-buttons__wrap uagb-buttons-layout-wrap \">\n<div class=\"wp-block-uagb-buttons-child uagb-buttons__outer-wrap uagb-block-8fwzjnpe wp-block-button\"><div class=\"uagb-button__wrapper\"><a class=\"uagb-buttons-repeater wp-block-button__link\" aria-label=\"\" href=\"#\" rel=\"follow noopener\" target=\"_self\" role=\"button\"><div class=\"uagb-button__link\">bestellung<\/div><\/a><\/div><\/div>\n<\/div><\/div>\n<\/div><\/div>\n","protected":false},"excerpt":{"rendered":"<p>Die Inhaberin bringt eine lebenslange Leidenschaft f\u00fcr Blumen mit und schafft es mit ihrer eigenen Kreativit\u00e4t sowie Erfahrung in jedes [&hellip;]<\/p>\n","protected":false},"author":1,"featured_media":970,"parent":0,"menu_order":0,"comment_status":"closed","ping_status":"closed","template":"","meta":{"_surecart_dashboard_logo_width":"180px","_surecart_dashboard_show_logo":true,"_surecart_dashboard_navigation_orders":true,"_surecart_dashboard_navigation_invoices":true,"_surecart_dashboard_navigation_subscriptions":true,"_surecart_dashboard_navigation_downloads":true,"_surecart_dashboard_navigation_billing":true,"_surecart_dashboard_navigation_account":true,"_uag_custom_page_level_css":"","site-sidebar-layout":"default","site-content-layout":"","ast-site-content-layout":"","site-content-style":"default","site-sidebar-style":"default","ast-global-header-display":"","ast-banner-title-visibility":"","ast-main-header-display":"","ast-hfb-above-header-display":"","ast-hfb-below-header-display":"","ast-hfb-mobile-header-display":"","site-post-title":"disabled","ast-breadcrumbs-content":"","ast-featured-img":"","footer-sml-layout":"","theme-transparent-header-meta":"","adv-header-id-meta":"","stick-header-meta":"","header-above-stick-meta":"","header-main-stick-meta":"","header-below-stick-meta":"","astra-migrate-meta-layouts":"default","ast-page-background-enabled":"default","ast-page-background-meta":{"desktop":{"background-color":"var(--ast-global-color-4)","background-image":"","background-repeat":"repeat","background-position":"center center","background-size":"auto","background-attachment":"scroll","background-type":"","background-media":"","overlay-type":"","overlay-color":"","overlay-opacity":"","overlay-gradient":""},"tablet":{"background-color":"","background-image":"","background-repeat":"repeat","background-position":"center center","background-size":"auto","background-attachment":"scroll","background-type":"","background-media":"","overlay-type":"","overlay-color":"","overlay-opacity":"","overlay-gradient":""},"mobile":{"background-color":"","background-image":"","background-repeat":"repeat","background-position":"center center","background-size":"auto","background-attachment":"scroll","background-type":"","background-media":"","overlay-type":"","overlay-color":"","overlay-opacity":"","overlay-gradient":""}},"ast-content-background-meta":{"desktop":{"background-color":"var(--ast-global-color-5)","background-image":"","background-repeat":"repeat","background-position":"center center","background-size":"auto","background-attachment":"scroll","background-type":"","background-media":"","overlay-type":"","overlay-color":"","overlay-opacity":"","overlay-gradient":""},"tablet":{"background-color":"var(--ast-global-color-5)","background-image":"","background-repeat":"repeat","background-position":"center center","background-size":"auto","background-attachment":"scroll","background-type":"","background-media":"","overlay-type":"","overlay-color":"","overlay-opacity":"","overlay-gradient":""},"mobile":{"background-color":"var(--ast-global-color-5)","background-image":"","background-repeat":"repeat","background-position":"center center","background-size":"auto","background-attachment":"scroll","background-type":"","background-media":"","overlay-type":"","overlay-color":"","overlay-opacity":"","overlay-gradient":""}},"footnotes":""},"class_list":["post-844","page","type-page","status-publish","has-post-thumbnail","hentry"],"uagb_featured_image_src":{"full":["https:\/\/mipa.bplaced.net\/blumen\/wp-content\/uploads\/2025\/01\/gettyimages-577018041-612x612-1.jpg",612,458,false],"thumbnail":["https:\/\/mipa.bplaced.net\/blumen\/wp-content\/uploads\/2025\/01\/gettyimages-577018041-612x612-1-150x150.jpg",150,150,true],"medium":["https:\/\/mipa.bplaced.net\/blumen\/wp-content\/uploads\/2025\/01\/gettyimages-577018041-612x612-1-300x225.jpg",300,225,true],"medium_large":["https:\/\/mipa.bplaced.net\/blumen\/wp-content\/uploads\/2025\/01\/gettyimages-577018041-612x612-1.jpg",612,458,false],"large":["https:\/\/mipa.bplaced.net\/blumen\/wp-content\/uploads\/2025\/01\/gettyimages-577018041-612x612-1.jpg",612,458,false],"1536x1536":["https:\/\/mipa.bplaced.net\/blumen\/wp-content\/uploads\/2025\/01\/gettyimages-577018041-612x612-1.jpg",612,458,false],"2048x2048":["https:\/\/mipa.bplaced.net\/blumen\/wp-content\/uploads\/2025\/01\/gettyimages-577018041-612x612-1.jpg",612,458,false]},"uagb_author_info":{"display_name":"blumen","author_link":"https:\/\/mipa.bplaced.net\/blumen\/author\/blumen\/"},"uagb_comment_info":0,"uagb_excerpt":"Die Inhaberin bringt eine lebenslange Leidenschaft f\u00fcr Blumen mit und schafft es mit ihrer eigenen Kreativit\u00e4t sowie Erfahrung in jedes [&hellip;]","_links":{"self":[{"href":"https:\/\/mipa.bplaced.net\/blumen\/wp-json\/wp\/v2\/pages\/844","targetHints":{"allow":["GET"]}}],"collection":[{"href":"https:\/\/mipa.bplaced.net\/blumen\/wp-json\/wp\/v2\/pages"}],"about":[{"href":"https:\/\/mipa.bplaced.net\/blumen\/wp-json\/wp\/v2\/types\/page"}],"author":[{"embeddable":true,"href":"https:\/\/mipa.bplaced.net\/blumen\/wp-json\/wp\/v2\/users\/1"}],"replies":[{"embeddable":true,"href":"https:\/\/mipa.bplaced.net\/blumen\/wp-json\/wp\/v2\/comments?post=844"}],"version-history":[{"count":11,"href":"https:\/\/mipa.bplaced.net\/blumen\/wp-json\/wp\/v2\/pages\/844\/revisions"}],"predecessor-version":[{"id":1118,"href":"https:\/\/mipa.bplaced.net\/blumen\/wp-json\/wp\/v2\/pages\/844\/revisions\/1118"}],"wp:featuredmedia":[{"embeddable":true,"href":"https:\/\/mipa.bplaced.net\/blumen\/wp-json\/wp\/v2\/media\/970"}],"wp:attachment":[{"href":"https:\/\/mipa.bplaced.net\/blumen\/wp-json\/wp\/v2\/media?parent=844"}],"curies":[{"name":"wp","href":"https:\/\/api.w.org\/{rel}","templated":true}]}}